{"id":83,"date":"2017-10-09T19:00:30","date_gmt":"2017-10-09T19:00:30","guid":{"rendered":"http:\/\/localhost\/wp\/?page_id=83"},"modified":"2019-05-16T13:30:09","modified_gmt":"2019-05-16T13:30:09","slug":"tehnicki-resursi","status":"publish","type":"page","link":"http:\/\/javornik.co.rs\/?page_id=83","title":{"rendered":"Tehni\u010dki resursi"},"content":{"rendered":"<p>\u201eJAVORNIK\u201c D.O.O. Subotica, konstantno inovira i unapre\u0111uje svoje tehni\u010dke resurse u cilju kvalitetnog i efikasnog ispunjenja svih zadataka od strane Naru\u010dioca. Od mehanizacije i sredstava posedujemo u vlasni\u0161tvu slede\u0107u opremu:<\/p>\n<p><span style=\"color: #000080;\"><strong>Gra\u0111evinske ma\u0161ine:<\/strong><\/span><\/p>\n<ul>\n<li>rovokopa\u010di\/kombinovane ma\u0161ine<\/li>\n<li>lan\u010dani rovokopa\u010di<\/li>\n<li>utovariva\u010di<\/li>\n<li>bageri guseni\u010dari<\/li>\n<li>mini bageri<\/li>\n<li>bageri to\u010dka\u0161i<\/li>\n<li>buldo\u017eer<\/li>\n<li>grejder<\/li>\n<li>vibro valjci<\/li>\n<li>vibro valjak je\u017e<\/li>\n<li>hidrauli\u010dni \u010deki\u0107<\/li>\n<li>vibro&nbsp;\u010deki\u0107 za pobijanje tapli<\/li>\n<li>vibro je\u017e<\/li>\n<li>vibro plo\u010de<\/li>\n<li>kranske dizalice, konzolne dizalice<\/li>\n<li>autodizalice<\/li>\n<li>gra\u0111evinske dizalice<\/li>\n<li>automiskeri za beton raznih nosivosti<\/li>\n<li>cisterna za vodu<\/li>\n<li>pumpe za beton<\/li>\n<li>me\u0161alice za beton<\/li>\n<li>kompresori za razbijanje betona<\/li>\n<li>seka\u010di za asfalt i beton<\/li>\n<li>agregati za struju<\/li>\n<li>podgrade i oplate<\/li>\n<li>aparati za varenje<\/li>\n<li>muljne pumpe<\/li>\n<li>pumpe za kontrolu pritiska<\/li>\n<li>iglofilterska postrojenja za sni\u017eavanje nivoa podzemne vode<\/li>\n<li>mobilne pumpe<\/li>\n<li>motorne testere<\/li>\n<li>trimeri<\/li>\n<li>ma\u0161ina za ko\u0161enje trave<\/li>\n<li>razni merni instrumenti<\/li>\n<\/ul>\n<p><span style=\"color: #000080;\"><strong>Transportna sredstva:<\/strong><\/span><\/p>\n<p><img decoding=\"async\" loading=\"lazy\" class=\" wp-image-419 alignright\" src=\"http:\/\/javornik.co.rs\/wp-content\/uploads\/2017\/10\/326061-construction-machinery-2-300x158.png\" alt=\"\" width=\"414\" height=\"218\" srcset=\"http:\/\/javornik.co.rs\/wp-content\/uploads\/2017\/10\/326061-construction-machinery-2-300x158.png 300w, http:\/\/javornik.co.rs\/wp-content\/uploads\/2017\/10\/326061-construction-machinery-2-768x403.png 768w, http:\/\/javornik.co.rs\/wp-content\/uploads\/2017\/10\/326061-construction-machinery-2.png 1015w\" sizes=\"(max-width: 414px) 100vw, 414px\" \/><\/p>\n<p><span style=\"color: #000000;\">&nbsp;<\/span><\/p>\n<ul>\n<li>dostavna vozila<\/li>\n<li>teretna vozila raznih nosivosti<\/li>\n<li>teretna vozila-teglja\u010di<\/li>\n<li>priklju\u010dna vozila<\/li>\n<li>vozila za prevoz radnika<\/li>\n<li>putni\u010dka vozila<\/li>\n<\/ul>\n","protected":false},"excerpt":{"rendered":"<p>\u201eJAVORNIK\u201c D.O.O. Subotica, konstantno inovira i unapre\u0111uje svoje tehni\u010dke resurse u cilju kvalitetnog i efikasnog ispunjenja svih zadataka od strane Naru\u010dioca. Od mehanizacije i sredstava posedujemo u vlasni\u0161tvu slede\u0107u opremu: Gra\u0111evinske ma\u0161ine: rovokopa\u010di\/kombinovane ma\u0161ine lan\u010dani rovokopa\u010di utovariva\u010di bageri guseni\u010dari mini bageri bageri to\u010dka\u0161i buldo\u017eer grejder vibro valjci vibro valjak je\u017e hidrauli\u010dni \u010deki\u0107 vibro&nbsp;\u010deki\u0107 za pobijanje [&hellip;]<\/p>\n","protected":false},"author":1,"featured_media":0,"parent":0,"menu_order":2,"comment_status":"closed","ping_status":"closed","template":"","meta":[],"_links":{"self":[{"href":"http:\/\/javornik.co.rs\/index.php?rest_route=\/wp\/v2\/pages\/83"}],"collection":[{"href":"http:\/\/javornik.co.rs\/index.php?rest_route=\/wp\/v2\/pages"}],"about":[{"href":"http:\/\/javornik.co.rs\/index.php?rest_route=\/wp\/v2\/types\/page"}],"author":[{"embeddable":true,"href":"http:\/\/javornik.co.rs\/index.php?rest_route=\/wp\/v2\/users\/1"}],"replies":[{"embeddable":true,"href":"http:\/\/javornik.co.rs\/index.php?rest_route=%2Fwp%2Fv2%2Fcomments&post=83"}],"version-history":[{"count":11,"href":"http:\/\/javornik.co.rs\/index.php?rest_route=\/wp\/v2\/pages\/83\/revisions"}],"predecessor-version":[{"id":468,"href":"http:\/\/javornik.co.rs\/index.php?rest_route=\/wp\/v2\/pages\/83\/revisions\/468"}],"wp:attachment":[{"href":"http:\/\/javornik.co.rs\/index.php?rest_route=%2Fwp%2Fv2%2Fmedia&parent=83"}],"curies":[{"name":"wp","href":"https:\/\/api.w.org\/{rel}","templated":true}]}}