{"id":80,"date":"2017-10-09T18:56:39","date_gmt":"2017-10-09T18:56:39","guid":{"rendered":"http:\/\/localhost\/wp\/?page_id=80"},"modified":"2022-05-19T17:39:42","modified_gmt":"2022-05-19T17:39:42","slug":"standardi","status":"publish","type":"page","link":"https:\/\/javornik.co.rs\/?page_id=80","title":{"rendered":"Standardi"},"content":{"rendered":"<p>Gra\u0111evinsko, trgovinsko, proizvodno i uslu\u017eno preduze\u0107e \u201eJAVORNIK\u201c D.O.O. Subotica je implementiralo i uspe\u0161no primenjuje sistem menad\u017ementa kvalitetom, upravljanje za\u0161titom \u017eivotne sredine i upravljanja za\u0161titom zdravlja i bezbednosti na radu, i to slede\u0107e:<\/p>\n<ul>\n<li>ISO 9001:2015<\/li>\n<li>ISO 14001:2015<\/li>\n<li>ISO 45001:2018<\/li>\n<\/ul>\n<p><br><img decoding=\"async\" loading=\"lazy\" class=\"alignnone  wp-image-519\" src=\"http:\/\/javornik.co.rs\/wp-content\/uploads\/2022\/05\/Sertifikati-engleski-212x300.png\" alt=\"\" width=\"282\" height=\"399\" srcset=\"https:\/\/javornik.co.rs\/wp-content\/uploads\/2022\/05\/Sertifikati-engleski-212x300.png 212w, https:\/\/javornik.co.rs\/wp-content\/uploads\/2022\/05\/Sertifikati-engleski-724x1024.png 724w, https:\/\/javornik.co.rs\/wp-content\/uploads\/2022\/05\/Sertifikati-engleski-768x1086.png 768w, https:\/\/javornik.co.rs\/wp-content\/uploads\/2022\/05\/Sertifikati-engleski-1086x1536.png 1086w, https:\/\/javornik.co.rs\/wp-content\/uploads\/2022\/05\/Sertifikati-engleski-1449x2048.png 1449w, https:\/\/javornik.co.rs\/wp-content\/uploads\/2022\/05\/Sertifikati-engleski.png 1588w\" sizes=\"(max-width: 282px) 100vw, 282px\" \/><img decoding=\"async\" loading=\"lazy\" class=\"alignnone  wp-image-518\" src=\"http:\/\/javornik.co.rs\/wp-content\/uploads\/2022\/05\/Sertifikat-srpski-212x300.png\" alt=\"\" width=\"283\" height=\"401\" srcset=\"https:\/\/javornik.co.rs\/wp-content\/uploads\/2022\/05\/Sertifikat-srpski-212x300.png 212w, https:\/\/javornik.co.rs\/wp-content\/uploads\/2022\/05\/Sertifikat-srpski-724x1024.png 724w, https:\/\/javornik.co.rs\/wp-content\/uploads\/2022\/05\/Sertifikat-srpski-768x1086.png 768w, https:\/\/javornik.co.rs\/wp-content\/uploads\/2022\/05\/Sertifikat-srpski-1086x1536.png 1086w, https:\/\/javornik.co.rs\/wp-content\/uploads\/2022\/05\/Sertifikat-srpski-1449x2048.png 1449w, https:\/\/javornik.co.rs\/wp-content\/uploads\/2022\/05\/Sertifikat-srpski.png 1588w\" sizes=\"(max-width: 283px) 100vw, 283px\" \/><\/p>\n\n\n<p><\/p>\n","protected":false},"excerpt":{"rendered":"<p>Gra\u0111evinsko, trgovinsko, proizvodno i uslu\u017eno preduze\u0107e \u201eJAVORNIK\u201c D.O.O. Subotica je implementiralo i uspe\u0161no primenjuje sistem menad\u017ementa kvalitetom, upravljanje za\u0161titom \u017eivotne sredine i upravljanja za\u0161titom zdravlja i bezbednosti na radu, i to slede\u0107e: ISO 9001:2015 ISO 14001:2015 ISO 45001:2018<\/p>\n","protected":false},"author":1,"featured_media":0,"parent":0,"menu_order":2,"comment_status":"closed","ping_status":"closed","template":"","meta":[],"_links":{"self":[{"href":"https:\/\/javornik.co.rs\/index.php?rest_route=\/wp\/v2\/pages\/80"}],"collection":[{"href":"https:\/\/javornik.co.rs\/index.php?rest_route=\/wp\/v2\/pages"}],"about":[{"href":"https:\/\/javornik.co.rs\/index.php?rest_route=\/wp\/v2\/types\/page"}],"author":[{"embeddable":true,"href":"https:\/\/javornik.co.rs\/index.php?rest_route=\/wp\/v2\/users\/1"}],"replies":[{"embeddable":true,"href":"https:\/\/javornik.co.rs\/index.php?rest_route=%2Fwp%2Fv2%2Fcomments&post=80"}],"version-history":[{"count":15,"href":"https:\/\/javornik.co.rs\/index.php?rest_route=\/wp\/v2\/pages\/80\/revisions"}],"predecessor-version":[{"id":520,"href":"https:\/\/javornik.co.rs\/index.php?rest_route=\/wp\/v2\/pages\/80\/revisions\/520"}],"wp:attachment":[{"href":"https:\/\/javornik.co.rs\/index.php?rest_route=%2Fwp%2Fv2%2Fmedia&parent=80"}],"curies":[{"name":"wp","href":"https:\/\/api.w.org\/{rel}","templated":true}]}}